{"id":2316,"date":"2025-10-15T15:18:30","date_gmt":"2025-10-15T13:18:30","guid":{"rendered":"https:\/\/new.angelashome.it\/politica-de-privacidad\/"},"modified":"2025-11-27T16:47:11","modified_gmt":"2025-11-27T15:47:11","slug":"politica-de-privacidad","status":"publish","type":"page","link":"https:\/\/angelashome.it\/es\/politica-de-privacidad\/","title":{"rendered":"pol\u00edtica de privacidad"},"content":{"rendered":"\n<h3 class=\"wp-block-heading\">pol\u00edtica de privacidad de angelashome.it<\/h3>\n\n<p>Para obtener informaci\u00f3n sobre tus datos personales recopilados, las finalidades y los sujetos con los que se comparten los datos, contacta con el Responsable.<\/p>\n\n<h3 class=\"wp-block-heading\">Responsable del Tratamiento de los Datos<\/h3>\n\n<p>direcci\u00f3n de correo del responsable: info@angelashome.it<\/p>\n\n<h4 class=\"wp-block-heading\">Tipos de Datos recopilados<\/h4>\n\n<p>El Responsable no proporciona una lista de los tipos de Datos Personales recopilados.<\/p>\n\n<p>Los detalles completos sobre cada tipo de datos recopilados se facilitan en las secciones dedicadas de esta pol\u00edtica de privacidad o mediante textos informativos espec\u00edficos mostrados antes de la recogida de los propios datos.<\/p>\n\n<p>Los Datos Personales pueden ser proporcionados libremente por el Usuario o, en el caso de Datos de Uso, recopilados autom\u00e1ticamente durante el uso de esta Aplicaci\u00f3n.<\/p>\n\n<p>Salvo que se indique lo contrario, todos los Datos solicitados por esta Aplicaci\u00f3n son obligatorios. Si el Usuario se niega a proporcionarlos, puede resultar imposible para esta Aplicaci\u00f3n prestar el Servicio. En los casos en que esta Aplicaci\u00f3n indique que algunos Datos son opcionales, los Usuarios son libres de no comunicarlos sin que ello afecte a la disponibilidad o funcionamiento del Servicio.  <\/p>\n\n<p>Los Usuarios que tengan dudas sobre qu\u00e9 Datos son obligatorios est\u00e1n invitados a contactar con el Responsable.<\/p>\n\n<p>El uso de Cookies \u2014o de otros instrumentos de seguimiento\u2014 por parte de esta Aplicaci\u00f3n o de los titulares de servicios terceros utilizados por esta Aplicaci\u00f3n, salvo que se especifique lo contrario, tiene como finalidad prestar el Servicio solicitado por el Usuario, adem\u00e1s de las finalidades adicionales descritas en este documento y en la Pol\u00edtica de Cookies, si est\u00e1 disponible.<\/p>\n\n<p>El Usuario asume la responsabilidad de los Datos Personales de terceros obtenidos, publicados o compartidos mediante esta Aplicaci\u00f3n y garantiza tener derecho a comunicarlos o difundirlos, liberando al Responsable de cualquier responsabilidad hacia terceros.<\/p>\n\n<h4 class=\"wp-block-heading\">Modalidad y lugar del tratamiento de los Datos recopilados<\/h4>\n\n<h4 class=\"wp-block-heading\">Modalidad de tratamiento<\/h4>\n\n<p>El Responsable adopta las medidas de seguridad adecuadas para impedir el acceso, divulgaci\u00f3n, modificaci\u00f3n o destrucci\u00f3n no autorizados de los Datos Personales.<\/p>\n\n<p>l tratamiento se lleva a cabo mediante herramientas inform\u00e1ticas y\/o telem\u00e1ticas, con modalidades organizativas y l\u00f3gicas estrictamente relacionadas con las finalidades indicadas. Adem\u00e1s del Responsable, en algunos casos pueden tener acceso a los Datos otros sujetos implicados en la organizaci\u00f3n de esta Aplicaci\u00f3n (personal administrativo, comercial, marketing, jur\u00eddico, administradores de sistemas) o sujetos externos (como proveedores de servicios t\u00e9cnicos terceros, empresas de mensajer\u00eda, proveedores de hosting, empresas inform\u00e1ticas, agencias de comunicaci\u00f3n), que tambi\u00e9n pueden ser nombrados, si es necesario, Encargados del Tratamiento por parte del Responsable. La lista actualizada de los Encargados puede solicitarse siempre al Responsable del Tratamiento.  <\/p>\n\n<h4 class=\"wp-block-heading\">Base jur\u00eddica del tratamiento<\/h4>\n\n<p>El Responsable trata Datos Personales relativos al Usuario cuando se cumple una de las siguientes condiciones:<\/p>\n\n<ul class=\"wp-block-list\">\n<li>el Usuario ha dado su consentimiento para una o m\u00e1s finalidades espec\u00edficas; Nota: en algunos ordenamientos el Responsable puede estar autorizado a tratar Datos Personales sin necesidad del consentimiento del Usuario u otra de las bases jur\u00eddicas indicadas a continuaci\u00f3n, hasta que el Usuario se oponga (\u201copt-out\u201d) a dicho tratamiento. Esto no se aplica cuando el tratamiento de Datos Personales est\u00e1 regulado por la legislaci\u00f3n europea en materia de protecci\u00f3n de datos personales; <\/li>\n\n\n\n<li>el tratamiento es necesario para la ejecuci\u00f3n de un contrato con el Usuario y\/o para la aplicaci\u00f3n de medidas precontractuales;<\/li>\n\n\n\n<li>el tratamiento es necesario para cumplir una obligaci\u00f3n legal a la que est\u00e1 sujeto el Responsable;<\/li>\n\n\n\n<li>el tratamiento es necesario para la ejecuci\u00f3n de una misi\u00f3n realizada en inter\u00e9s p\u00fablico o en el ejercicio de poderes p\u00fablicos conferidos al Responsable;<\/li>\n\n\n\n<li>el tratamiento es necesario para la satisfacci\u00f3n del inter\u00e9s leg\u00edtimo del Responsable o de terceros.<\/li>\n<\/ul>\n\n<p>En cualquier caso, siempre es posible solicitar al Responsable que aclare la base jur\u00eddica concreta de cada tratamiento y, en particular, si el tratamiento se basa en la ley, en un contrato o es necesario para celebrar un contrato.<\/p>\n\n<h4 class=\"wp-block-heading\">Lugar<\/h4>\n\n<p>Los Datos se tratan en las sedes operativas del Responsable y en cualquier otro lugar donde las partes implicadas en el tratamiento est\u00e9n localizadas. Para m\u00e1s informaci\u00f3n, contacta con el Responsable. <\/p>\n\n<p>Los Datos Personales del Usuario pueden ser transferidos a un pa\u00eds distinto del pa\u00eds en el que se encuentra el Usuario. Para obtener m\u00e1s informaci\u00f3n sobre el lugar del tratamiento, el Usuario puede consultar la secci\u00f3n relativa a los detalles del tratamiento de Datos Personales. <\/p>\n\n<p>El Usuario tiene derecho a obtener informaci\u00f3n sobre la base jur\u00eddica de la transferencia de Datos fuera de la Uni\u00f3n Europea o a una organizaci\u00f3n internacional de derecho internacional p\u00fablico o constituida por dos o m\u00e1s pa\u00edses, como la ONU, as\u00ed como sobre las medidas de seguridad adoptadas por el Responsable para proteger los Datos.<\/p>\n\n<p>El Usuario puede comprobar si se realiza alguna de las transferencias descritas examinado la secci\u00f3n correspondiente de este documento o solicitando informaci\u00f3n al Responsable mediante los datos de contacto indicados al inicio.<\/p>\n\n<h4 class=\"wp-block-heading\">Per\u00edodo de conservaci\u00f3n<\/h4>\n\n<p>Los Datos se tratan y conservan durante el tiempo necesario para las finalidades para las que fueron recopilados.<\/p>\n\n<p>Por lo tanto:<\/p>\n\n<ul class=\"wp-block-list\">\n<li>Los Datos Personales recopilados para fines relacionados con la ejecuci\u00f3n de un contrato entre el Responsable y el Usuario se conservar\u00e1n hasta que se complete la ejecuci\u00f3n de dicho contrato.<\/li>\n\n\n\n<li>Los Datos Personales recopilados para finalidades relacionadas con el inter\u00e9s leg\u00edtimo del Responsable se conservar\u00e1n hasta que ese inter\u00e9s haya sido satisfecho. El Usuario puede obtener m\u00e1s informaci\u00f3n sobre el inter\u00e9s leg\u00edtimo perseguido por el Responsable en las secciones correspondientes de este documento o contactando con el Responsable. <\/li>\n<\/ul>\n\n<p>Cuando el tratamiento se basa en el consentimiento del Usuario, el Responsable puede conservar los Datos Personales durante m\u00e1s tiempo hasta que dicho consentimiento sea revocado. Adem\u00e1s, el Responsable puede estar obligado a conservar los Datos Personales durante un per\u00edodo m\u00e1s largo para cumplir una obligaci\u00f3n legal o por orden de una autoridad. <\/p>\n\n<p>Al finalizar el per\u00edodo de conservaci\u00f3n, los Datos Personales ser\u00e1n eliminados. Por lo tanto, al expirar dicho t\u00e9rmino, los derechos de acceso, cancelaci\u00f3n, rectificaci\u00f3n y portabilidad ya no podr\u00e1n ejercerse. <\/p>\n\n<h4 class=\"wp-block-heading\">Derechos del Usuario<\/h4>\n\n<p>Los Usuarios pueden ejercer determinados derechos con referencia a los Datos tratados por el Responsable.<\/p>\n\n<p>En particular, el Usuario tiene derecho a:<\/p>\n\n<ul class=\"wp-block-list\">\n<li>revocar el consentimiento en cualquier momento. El Usuario puede revocar el consentimiento previamente otorgado al tratamiento de sus Datos Personales. <\/li>\n\n\n\n<li>oponerse al tratamiento de sus Datos. El Usuario puede oponerse al tratamiento cuando este se base en una base jur\u00eddica distinta del consentimiento. M\u00e1s detalles sobre el derecho de oposici\u00f3n se indican en la secci\u00f3n correspondiente.  <\/li>\n\n\n\n<li>acceder a sus Datos. El Usuario tiene derecho a obtener informaci\u00f3n sobre los Datos tratados por el Responsable, sobre determinados aspectos del tratamiento y a recibir una copia de los Datos tratados. <\/li>\n\n\n\n<li>verificar y solicitar la rectificaci\u00f3n. El Usuario puede verificar la exactitud de sus Datos y solicitar su actualizaci\u00f3n o correcci\u00f3n. <\/li>\n\n\n\n<li>obtener la limitaci\u00f3n del tratamiento. Cuando concurran determinadas condiciones, el Usuario puede solicitar la limitaci\u00f3n del tratamiento de sus Datos. En tal caso, el Responsable no tratar\u00e1 los Datos para ning\u00fan otro fin que no sea su conservaci\u00f3n.  <\/li>\n\n\n\n<li>obtener la eliminaci\u00f3n o supresi\u00f3n de sus Datos Personales. Cuando concurran determinadas condiciones, el Usuario puede solicitar la eliminaci\u00f3n de sus Datos por parte del Responsable. <\/li>\n\n\n\n<li>recibir sus Datos o solicitar su transferencia a otro responsable. El Usuario tiene derecho a recibir sus Datos en un formato estructurado, de uso com\u00fan y lectura mec\u00e1nica y, cuando sea t\u00e9cnicamente posible, a obtener su transferencia a otro responsable sin impedimentos. Esta disposici\u00f3n se aplica cuando los Datos se tratan mediante herramientas automatizadas y el tratamiento se basa en el consentimiento del Usuario, en un contrato del cual el Usuario es parte o en medidas precontractuales relacionadas con el mismo.  <\/li>\n\n\n\n<li>presentar una reclamaci\u00f3n. El Usuario puede presentar una reclamaci\u00f3n ante la autoridad de control competente en materia de protecci\u00f3n de datos personales o acudir a la v\u00eda judicial. <\/li>\n<\/ul>\n\n<h4 class=\"wp-block-heading\">Detalles sobre el derecho de oposici\u00f3n<\/h4>\n\n<p>Cuando los Datos Personales se tratan por motivos de inter\u00e9s p\u00fablico, en el ejercicio de poderes p\u00fablicos conferidos al Responsable o para satisfacer un inter\u00e9s leg\u00edtimo del Responsable, los Usuarios tienen derecho a oponerse al tratamiento por motivos relacionados con su situaci\u00f3n particular.<\/p>\n\n<p>Se informa a los Usuarios de que, cuando sus Datos se traten con finalidades de marketing directo, pueden oponerse al tratamiento sin necesidad de proporcionar una justificaci\u00f3n. Para saber si el Responsable trata Datos con fines de marketing directo, los Usuarios pueden consultar las secciones correspondientes de este documento. <\/p>\n\n<h4 class=\"wp-block-heading\">C\u00f3mo ejercer los derechos<\/h4>\n\n<p>Para ejercer los derechos del Usuario, los Usuarios pueden enviar una solicitud a los datos de contacto del Responsable indicados en este documento. Las solicitudes se gestionan de forma gratuita y ser\u00e1n atendidas por el Responsable lo antes posible y, en cualquier caso, en un plazo m\u00e1ximo de un mes. <\/p>\n\n<h4 class=\"wp-block-heading\">Informaci\u00f3n adicional sobre el tratamiento<\/h4>\n\n<h4 class=\"wp-block-heading\">Defensa jur\u00eddica<\/h4>\n\n<p>Los Datos Personales del Usuario pueden ser utilizados por el Responsable en juicio o en las fases preparatorias de su eventual instauraci\u00f3n para la defensa contra abusos en el uso de esta Aplicaci\u00f3n o de los Servicios relacionados por parte del Usuario.<\/p>\n\n<p>El Usuario declara ser consciente de que el Responsable puede estar obligado a revelar los Datos por orden de las autoridades p\u00fablicas.<\/p>\n\n<h4 class=\"wp-block-heading\">Informaciones espec\u00edficas<\/h4>\n\n<p>A petici\u00f3n del Usuario, adem\u00e1s de la informaci\u00f3n contenida en esta pol\u00edtica de privacidad, esta Aplicaci\u00f3n puede proporcionar al Usuario informaciones adicionales y contextuales relativas a Servicios espec\u00edficos o a la recogida y tratamiento de Datos Personales.<\/p>\n\n<h4 class=\"wp-block-heading\">Registros del sistema y mantenimiento<\/h4>\n\n<p>Por necesidades relacionadas con el funcionamiento y mantenimiento, esta Aplicaci\u00f3n y los servicios terceros que utiliza pueden recopilar registros del sistema, es decir, archivos que registran las interacciones y que pueden contener tambi\u00e9n Datos Personales, como la direcci\u00f3n IP del Usuario.<\/p>\n\n<h4 class=\"wp-block-heading\">Informaci\u00f3n no contenida en esta pol\u00edtica<\/h4>\n\n<p>Se puede solicitar en cualquier momento al Responsable del Tratamiento informaci\u00f3n adicional relativa al tratamiento de Datos Personales utilizando los datos de contacto.<\/p>\n\n<h4 class=\"wp-block-heading\">Respuesta a solicitudes \u201cDo Not Track\u201d<\/h4>\n\n<p>Esta Aplicaci\u00f3n no admite solicitudes \u201cDo Not Track\u201d.<\/p>\n\n<p>Para verificar si los servicios terceros utilizados las admiten, se invita al Usuario a consultar las pol\u00edticas de privacidad correspondientes.<\/p>\n\n<h4 class=\"wp-block-heading\">Modificaciones a esta pol\u00edtica de privacidad<\/h4>\n\n<p>El Responsable del Tratamiento se reserva el derecho de modificar esta pol\u00edtica de privacidad en cualquier momento notific\u00e1ndolo a los Usuarios en esta p\u00e1gina y, si es posible, en esta Aplicaci\u00f3n, as\u00ed como \u2014cuando sea t\u00e9cnica y legalmente factible\u2014 mediante una notificaci\u00f3n enviada a los Usuarios a trav\u00e9s de uno de los datos de contacto en su posesi\u00f3n. Por lo tanto, se recomienda consultar esta p\u00e1gina con frecuencia, refiri\u00e9ndose a la fecha de \u00faltima modificaci\u00f3n indicada al final. <\/p>\n\n<p>Si las modificaciones afectan a tratamientos cuya base jur\u00eddica es el consentimiento, el Responsable solicitar\u00e1 de nuevo el consentimiento del Usuario, si es necesario.<\/p>\n","protected":false},"excerpt":{"rendered":"<p>pol\u00edtica de privacidad de angelashome.it Para obtener informaci\u00f3n sobre tus datos personales recopilados, las finalidades y los sujetos con los que se comparten los datos, contacta con el Responsable. Responsable del Tratamiento de los Datos direcci\u00f3n de correo del responsable: [&hellip;]<\/p>\n","protected":false},"author":1,"featured_media":0,"parent":0,"menu_order":0,"comment_status":"closed","ping_status":"open","template":"","meta":{"_joinchat":[],"footnotes":""},"class_list":["post-2316","page","type-page","status-publish","hentry"],"_links":{"self":[{"href":"https:\/\/angelashome.it\/es\/wp-json\/wp\/v2\/pages\/2316","targetHints":{"allow":["GET"]}}],"collection":[{"href":"https:\/\/angelashome.it\/es\/wp-json\/wp\/v2\/pages"}],"about":[{"href":"https:\/\/angelashome.it\/es\/wp-json\/wp\/v2\/types\/page"}],"author":[{"embeddable":true,"href":"https:\/\/angelashome.it\/es\/wp-json\/wp\/v2\/users\/1"}],"replies":[{"embeddable":true,"href":"https:\/\/angelashome.it\/es\/wp-json\/wp\/v2\/comments?post=2316"}],"version-history":[{"count":1,"href":"https:\/\/angelashome.it\/es\/wp-json\/wp\/v2\/pages\/2316\/revisions"}],"predecessor-version":[{"id":2317,"href":"https:\/\/angelashome.it\/es\/wp-json\/wp\/v2\/pages\/2316\/revisions\/2317"}],"wp:attachment":[{"href":"https:\/\/angelashome.it\/es\/wp-json\/wp\/v2\/media?parent=2316"}],"curies":[{"name":"wp","href":"https:\/\/api.w.org\/{rel}","templated":true}]}}